{"id":355,"date":"2024-09-26T08:55:07","date_gmt":"2024-09-26T08:55:07","guid":{"rendered":"https:\/\/asa.ventures\/etusivu\/"},"modified":"2025-04-30T07:00:23","modified_gmt":"2025-04-30T07:00:23","slug":"etusivu","status":"publish","type":"page","link":"https:\/\/asa.ventures\/fi\/etusivu\/","title":{"rendered":"Etusivu"},"content":{"rendered":"\n<figure class=\"wp-block-image size-large\"><img loading=\"lazy\" decoding=\"async\" width=\"1200\" height=\"686\" src=\"https:\/\/asa.ventures\/wp-content\/uploads\/2025\/02\/Asa-home-page-1200x686.webp\" alt=\"\" class=\"wp-image-252\" srcset=\"https:\/\/asa.ventures\/wp-content\/uploads\/2025\/02\/Asa-home-page-1200x686.webp 1200w, https:\/\/asa.ventures\/wp-content\/uploads\/2025\/02\/Asa-home-page-768x439.webp 768w, https:\/\/asa.ventures\/wp-content\/uploads\/2025\/02\/Asa-home-page-1536x878.webp 1536w, https:\/\/asa.ventures\/wp-content\/uploads\/2025\/02\/Asa-home-page-837x478.webp 837w, https:\/\/asa.ventures\/wp-content\/uploads\/2025\/02\/Asa-home-page-1674x957.webp 1674w, https:\/\/asa.ventures\/wp-content\/uploads\/2025\/02\/Asa-home-page-667x381.webp 667w, https:\/\/asa.ventures\/wp-content\/uploads\/2025\/02\/Asa-home-page-1334x762.webp 1334w, https:\/\/asa.ventures\/wp-content\/uploads\/2025\/02\/Asa-home-page.webp 1792w\" sizes=\"auto, (max-width: 1200px) 100vw, 1200px\" \/><\/figure>\n\n<h1 class=\"wp-block-heading\">Alpha Strategy assets &#8211; Kaikki rahoituksesta<\/h1>\n\n<p>Alpha Strategy Assets &#8211; tai lyhyesti ASA Ventures &#8211; tarjoaa uusimmat uutiset, perusteelliset analyysit ja asiantuntijalausunnot rahoituksesta, kryptovaluutoista ja lohkoketjuteknologiasta. Olitpa sitten aloittelija tai kokenut sijoittaja, sis\u00e4lt\u00f6mme on suunniteltu pit\u00e4m\u00e4\u00e4n sinut ajan tasalla ja kehityksen k\u00e4rjess\u00e4. <\/p>\n\n<h3 class=\"wp-block-heading\">Pankkitoiminta<\/h3>\n\n<p>Tutustu siihen, miten digitaaliset valuutat muuttavat perinteist\u00e4 pankkimaailmaa. Pankkitoiminta-osiossa tarkastellaan kryptovaluuttojen integrointia perinteisiin rahoitusj\u00e4rjestelmiin, mukaan lukien kryptoyst\u00e4v\u00e4lliset pankit, digitaaliset lompakot ja maksuratkaisut. Tutustu turvallisiin tapoihin tallentaa, siirt\u00e4\u00e4 ja hy\u00f6dynt\u00e4\u00e4 digitaalisia varojasi sek\u00e4 hajautetun rahoituksen (DeFi) uusimpiin suuntauksiin.  <\/p>\n\n<ul class=\"wp-block-list\">\n<li><a href=\"https:\/\/asa.ventures\/banking\/\" data-type=\"page\" data-id=\"101\">Pankkitoiminta<\/a> &#8211; Opi, miten perinteinen pankkitoiminta ja digitaaliset valuutat voidaan yhdist\u00e4\u00e4.<\/li>\n<\/ul>\n\n<h3 class=\"wp-block-heading\">Kryptop\u00f6rssit<\/h3>\n\n<p>Kryptop\u00f6rssit-osiomme tarjoaa kattavat katsaukset ja vertailut johtavista kryptovaluuttakauppa-alustoista. Olitpa sitten aloittelija, joka etsii k\u00e4ytt\u00e4j\u00e4yst\u00e4v\u00e4llisi\u00e4 p\u00f6rssej\u00e4, tai edistynyt kauppias, joka etsii ammattimaisia ty\u00f6kaluja ja ominaisuuksia, meill\u00e4 on yksityiskohtaisia n\u00e4kemyksi\u00e4, jotka auttavat sinua tekem\u00e4\u00e4n tietoon perustuvia p\u00e4\u00e4t\u00f6ksi\u00e4. Tutustu vaihtomaksuihin, turvatoimiin, tuettuihin kryptovaluuttoihin ja kaupank\u00e4yntitoimintoihin l\u00f6yt\u00e4\u00e4ksesi tarpeisiisi sopivan alustan.  <\/p>\n\n<ul class=\"wp-block-list\">\n<li><a href=\"https:\/\/asa.ventures\/blockchain\/crypto-exchanges\/\" data-type=\"page\" data-id=\"41\">Kryptop\u00f6rssit <\/a>&#8211; Tutustu ja vertaile parhaita kryptovaluuttakauppa-alustoja.<\/li>\n<\/ul>\n\n<h3 class=\"wp-block-heading\">Kryptovaluutat<\/h3>\n\n<p>Pysy ajan tasalla yksityiskohtaisen analyysimme avulla suosituimmista kryptovaluutoista, kuten Bitcoinista, Ethereumista ja nousevista altcoineista. Tutustu niiden taustalla oleviin teknologioihin, reaalimaailman k\u00e4ytt\u00f6tapauksiin ja sijoituspotentiaaliin. Cryptocurrencies-osiomme on paras resurssisi lohkoketjuverkkojen, konsensusmekanismien ja digitaalisen rahan tulevaisuuden ymm\u00e4rt\u00e4miseen.  <\/p>\n\n<ul class=\"wp-block-list\">\n<li><a href=\"https:\/\/asa.ventures\/blockchain\/cryptocurrencies\/\" data-type=\"page\" data-id=\"103\">Kryptovaluutat<\/a> &#8211; Saat yksityiskohtaista tietoa eri kryptovaluutoista ja niiden k\u00e4ytt\u00f6tapauksista.<\/li>\n<\/ul>\n\n<h3 class=\"wp-block-heading\">Oppaat<\/h3>\n\n<p>Oppaat-osiomme tarjoaa runsaasti tietoa sek\u00e4 aloittelijoille ett\u00e4 kokeneille k\u00e4ytt\u00e4jille. Vaiheittaiset oppaat ja opetusartikkelit on suunniteltu lis\u00e4\u00e4m\u00e4\u00e4n ymm\u00e4rryst\u00e4si rahoitusmaailmasta aina sijoittamisen aloittamisesta tai ensimm\u00e4isest\u00e4 kryptovaluutan ostosta edistyneisiin kaupank\u00e4yntistrategioihin ja lohkoketjujen kehitt\u00e4miseen. <\/p>\n\n<ul class=\"wp-block-list\">\n<li><a href=\"https:\/\/asa.ventures\/guides\/\" data-type=\"page\" data-id=\"95\">Oppaat<\/a> &#8211; Kattavat opetusohjelmat ja oppaat aloittelijoille ja edistyneille k\u00e4ytt\u00e4jille.<\/li>\n<\/ul>\n","protected":false},"excerpt":{"rendered":"<p>Alpha Strategy assets &#8211; Kaikki rahoituksesta Alpha Strategy Assets &#8211; tai lyhyesti ASA Ventures &#8211; tarjoaa uusimmat uutiset, perusteelliset analyysit ja asiantuntijalausunnot rahoituksesta, kryptovaluutoista ja lohkoketjuteknologiasta. Olitpa sitten aloittelija tai kokenut sijoittaja, sis\u00e4lt\u00f6mme on suunniteltu pit\u00e4m\u00e4\u00e4n sinut ajan tasalla ja kehityksen k\u00e4rjess\u00e4. Pankkitoiminta Tutustu siihen, miten digitaaliset valuutat muuttavat perinteist\u00e4 pankkimaailmaa. Pankkitoiminta-osiossa tarkastellaan kryptovaluuttojen integrointia &#8230; <a title=\"Etusivu\" class=\"read-more\" href=\"https:\/\/asa.ventures\/fi\/etusivu\/\" aria-label=\"Lue lis\u00e4\u00e4 aiheesta Etusivu\">Lue lis\u00e4\u00e4<\/a><\/p>\n","protected":false},"author":3,"featured_media":351,"parent":0,"menu_order":0,"comment_status":"closed","ping_status":"closed","template":"","meta":{"_coblocks_attr":"","_coblocks_dimensions":"","_coblocks_responsive_height":"","_coblocks_accordion_ie_support":"","footnotes":""},"class_list":["post-355","page","type-page","status-publish","has-post-thumbnail"],"_links":{"self":[{"href":"https:\/\/asa.ventures\/fi\/wp-json\/wp\/v2\/pages\/355","targetHints":{"allow":["GET"]}}],"collection":[{"href":"https:\/\/asa.ventures\/fi\/wp-json\/wp\/v2\/pages"}],"about":[{"href":"https:\/\/asa.ventures\/fi\/wp-json\/wp\/v2\/types\/page"}],"author":[{"embeddable":true,"href":"https:\/\/asa.ventures\/fi\/wp-json\/wp\/v2\/users\/3"}],"replies":[{"embeddable":true,"href":"https:\/\/asa.ventures\/fi\/wp-json\/wp\/v2\/comments?post=355"}],"version-history":[{"count":1,"href":"https:\/\/asa.ventures\/fi\/wp-json\/wp\/v2\/pages\/355\/revisions"}],"predecessor-version":[{"id":356,"href":"https:\/\/asa.ventures\/fi\/wp-json\/wp\/v2\/pages\/355\/revisions\/356"}],"wp:featuredmedia":[{"embeddable":true,"href":"https:\/\/asa.ventures\/fi\/wp-json\/wp\/v2\/media\/351"}],"wp:attachment":[{"href":"https:\/\/asa.ventures\/fi\/wp-json\/wp\/v2\/media?parent=355"}],"curies":[{"name":"wp","href":"https:\/\/api.w.org\/{rel}","templated":true}]}}